{"id":1178,"date":"2021-02-14T13:35:10","date_gmt":"2021-02-14T12:35:10","guid":{"rendered":"https:\/\/gewerbeoberesfricktal.ch\/?page_id=1178"},"modified":"2024-11-02T15:01:14","modified_gmt":"2024-11-02T14:01:14","slug":"suche-biete-tipps","status":"publish","type":"page","link":"https:\/\/gewerbeoberesfricktal.ch\/index.php\/info\/suche-biete-tipps\/","title":{"rendered":"Suche-Biete-Tipps"},"content":{"rendered":"\n<p><strong>Seit dem 19. Februar 2021 sammeln und publizieren wir hier direkt von unseren Aktivmitgliedern sowie Partnervereinen aktuelle Insiderinformationen, Tipps, Hinweise, Anfragen, Gesch\u00e4ftsm\u00f6glichkeiten, Angebote, Fachkr\u00e4ftepool, Gelegenheiten, Projekte und Gesuchtes. <\/strong><\/p>\n\n\n\n<p><strong>S U C H E<\/strong><\/p>\n\n\n\n<p>*<strong>Lehrstelle<\/strong><br>( 1.11.2024) ab sofort von Schulabg\u00e4nger (m) gesucht, KV oder \u00e4hnliches, ist flexibel. Region B\u00f6zberg-West oder auch Welschland.<br>Auskunft info@gewerbeoberesfricktal.ch<\/p>\n\n\n\n<p>*<strong>e-Shop Aufbau<\/strong><br>Konzeption und Realisierung eines spezifischen e-Shop&#8217;s im 2025 in einer Marktnische mit Wachstumspotenzial. M\u00f6glichkeiten f\u00fcr: Infoaustausch, aktive Mitarbeit, stille Beteiligung, <br>Auskunft info@gewerbeoberesfricktal.ch<\/p>\n\n\n\n<p><strong>Kleiner<\/strong> <strong>Verkaufsstand;<\/strong> mobil, mit Dach, kleiner gebrauchter Anh\u00e4nger.<br>Auskunft info@gewerbeoberesfricktal.ch <\/p>\n\n\n\n<p><strong>Kleines Gewerbegrundst\u00fcck; <\/strong>Kauf oder im Baurecht f\u00fcr B\u00fcro- \/ Ateliercontainer mit 3 Parkpl\u00e4tzen.<br>Auskunft info@gewerbeoberesfricktal.ch<\/p>\n\n\n\n<p><strong>&#171;Knobli&#187; und &#171;Kr\u00e4uter&#187;<\/strong> Produzenten gesucht, auch kleinere Mengen.<br>Auskunft info@homepagebetreuer<\/p>\n\n\n\n<p><strong>Social Media Betreuung<\/strong><br>Wer k\u00f6nnte einige Social Media Kan\u00e4le betreuen?<br>Auskunft info@gewerbeoberesfricktal.ch<\/p>\n\n\n\n<p><strong>Kleine Unterhaltsarbeiten<\/strong><br>Wer repariert auch kleine Dinge wie: Scharniere in M\u00f6beln ersetzen, Holzt\u00fcren ersetzen oder erneuern, etc? <br>Auskunft info@gewerbeoberesfricktal.ch<\/p>\n\n\n\n<p>*<strong>Community &#8211; Aufbau<\/strong><br>Gesucht \/ M\u00f6glichkeiten f\u00fcr Interessenten, F\u00f6rderer, aktive oder passive Beteiligung einer neuartigen &#171;Community \/ Partei \/ Kompetenz- und Fachverband \/ Gemeinschaft&#187; mit Ansatz &#171;interdisziplin\u00e4r und systemisch&#187;. Projekt &#8211; Organisation 2024 gestartet, Realisierung mit Konsortium und Startup 2025. <br>Auskunft info@gewerbeoberesfricktal.ch<\/p>\n\n\n\n<p>*<strong>Mitmachen<\/strong><br>Sinnvoller Nebenjob f\u00fcr jemanden, der zuverl\u00e4ssig und gelegentlich kleine Chargen von Naturprodukten herstellen und abf\u00fcllen kann. Anleitung, Betreuung und Material vorhanden. Entsch\u00e4digung und Gewinnbeteiligung. Voraussetzungen: K\u00fcche mit Tisch.<br>Auskunft info@gewerbeoberesfricktal.ch<\/p>\n\n\n\n<p><\/p>\n\n\n\n<p><strong>B I E T E<\/strong><\/p>\n\n\n\n<p><strong>Alles f\u00fcr jeden Anlass<\/strong><br>Ob Familienfeier und Gemeindeversammlung oder Konzernanlass! Regionaler Eventdienstleister bietet alles vom Konzept und Beratung bis zur kompletten Umsetzung. Auskunft info@gewerbeoberesfricktal.ch <\/p>\n\n\n\n<p><strong>Schlagbohrmaschine<\/strong>, gebraucht, Auskunft info@gewerbeoberesfricktal.ch<\/p>\n\n\n\n<p><strong>Kleines Greenbox &#8211;  Studio;<\/strong> stunden- oder tageweise nutzen, mit oder ohne Support, sehr g\u00fcnstig. Auskunft info@gewerbeoberesfricktal.ch<\/p>\n\n\n\n<p><strong>Kundengeschenke und give-aways;<\/strong> aus lokaler Produktion,  personifiziert, inklusive Versand. Kr\u00e4uter, Konfi, Wein, etc. Auskunft info@gewerbeoberesfricktal.ch<\/p>\n\n\n\n<p><strong>Homepage;<\/strong> auf andere Server oder zu anderen Provider z\u00fcgeln macht teilselbst\u00e4ndiger Profi. Auskunft info@gewerbeoberesfricktal.ch<\/p>\n\n\n\n<p><strong>Poker &#8211; Set;<\/strong> komplett, ungebraucht, nur f\u00fcr privaten Gebrauch.<br>Auskunft info@gewerbeoberesfricktal.ch<\/p>\n\n\n\n<p>*<strong>2. Meinung<\/strong><br>Eine 2. Meinung zu kleinsten und grossen neuen Projekten, Herausforderungen und Ver\u00e4nderungen in Wirtschaft, Wissenschaft, Politik und Verwaltungen bietet ein informales, 360grad &#8211; Kompetenz &#8211; Netzwerk. Auch in sehr diskreter Form und im Hintergrund. <br>Auskunft info@gewerbeoberesfricktal.ch<\/p>\n\n\n\n<p><\/p>\n\n\n\n<p><strong>T I P P S  und  H I N W E I S E<\/strong><\/p>\n\n\n\n<p><strong>Regionale Weine;<\/strong> gelegentlich kurzfristig mit Einschlag abzugeben.<br>Auskunft info@gewerbeoberesfricktal.ch<\/p>\n\n\n\n<p><strong>Wer hat Interesse<\/strong> an Haltergemeinschaft f\u00fcr ein Wohn- und B\u00fcromobil?<br>Auskunft info@gewerbeoberesfricktal.ch<\/p>\n\n\n\n<p><strong>Erfahrung:<\/strong> Wer hat schon Erfahrung mit den versprochenen Unterst\u00fctzungen betreffend der globalen Pandemie an die Kleinst- \/ Kleinunternehmungen und Selbst\u00e4ndigen gemacht?<br>info@gewerbeoberesfricktal.ch<\/p>\n\n\n\n<p><strong>Neue Arbeits-, Interessen- und Themengruppe<\/strong><br>2024 gestartet: &#171;Politik und Wirtschaft&#187;. Wer m\u00f6chte sich daran beteiligen, mitmachen, mitkommunizieren, infotauschen etc.?<br>Auskunft info@gewerbeoberesfricktal.ch<\/p>\n\n\n\n<p><\/p>\n\n\n\n<p><strong>P R O J E K T E<\/strong><\/p>\n\n\n\n<p>Im Aufbau befindliches <strong>Konsortium Naturprodukte<\/strong> sucht zum Ausbau im T\u00e4tigkeitsbereich Produktion und Vertrieb innovative Personen, Betriebe und Interessengruppen. <br>info@gewerbeoberesfricktal.ch<\/p>\n\n\n\n<p><strong>Gesucht:<\/strong> Projekt- und ArbeitsgruppenmitgliederInnen f\u00fcr zuk\u00fcnftiges, neuartiges, regionales und gesamtschweizerisches Kommunikationsprojekt mit Thema Natur, Landschaft, Lebensqualit\u00e4t, Gesundheit. Kreativit\u00e4t und Innovation ist gefragt &#8211; von Anfang an dabeisein und mitgestalten. <br>info@gewerbeoberesfricktal.ch <\/p>\n\n\n\n<p><strong>Gelegenheit:<\/strong> Mitwirken beim Aufbau und\/oder Produktion in kleiner Permakultur &#8211; Initiative mit interessanten, innovativen Projekten und Ideen. Ort: N\u00e4he B\u00f6zberg.<br>info@gewerbeoberesfricktal.ch <\/p>\n\n\n\n<p><strong>Projektgruppe, Interessenkreis:<\/strong> Neue Formen der &#171;Arbeit&#187;, Berufe und Kompetenzen, Qualifikationen. Innovativster und kreativster L\u00f6sungsansatz&#8230;<br>info@gewerbeoberesfricktal.ch<\/p>\n\n\n\n<p><strong>Altersresidenz<\/strong><br>Wer ist interessiert, sich am Aufbau einer Altersresidenz in irgendeiner Form zu beteiligen? N\u00e4he zum Mittelmeer.<br>Auskunft info@gewerbeoberesfricktal.ch<\/p>\n\n\n\n<p><\/p>\n\n\n\n<p><strong>F A C H K R \u00c4 F T E P O O L<\/strong><\/p>\n\n\n\n<p>Es gibt sie schon, die machenden, bewirkenden und bewegenden Fachkr\u00e4fte! Wenn man weiss wo und wer&#8230; Sogar in &#171;ausgetrockneten&#187; Branchen wie IT. Beispielsweise: Content Creator, Digital Content Manager, ICT User Support, PC und APP Support, Business Analyst, System Engineer \/ Consultant, Multimedia Cointent Producer, Web Publisher und so weiter.<br>info@gewerbeoberesfricktal.ch  <\/p>\n\n\n\n<p><br>Stand 01. November 2024. <br>* Neues<\/p>\n\n\n\n<p>(initialisiert von Initiative kokoko.ch und foerdertaler.ch Fachkr\u00e4ftepool)<\/p>\n\n\n\n<p>>>>> diese Inhaltseite als h\u00e4ndisch optimiertes pdf Dokument (unter 2 A4 Seiten) ansehen oder hinunterladen:<br><strong><a href=\"https:\/\/gewerbeoberesfricktal.ch\/wp-content\/uploads\/2024\/11\/Suche-biete-Hinweise-Tipps_webgof_02-11-24.pdf\" target=\"_blank\" rel=\"noreferrer noopener\">hier klicken<\/a><\/strong><\/p>\n\n\n\n<p><\/p>\n","protected":false},"excerpt":{"rendered":"<p>Seit dem 19. Februar 2021 sammeln und publizieren wir hier direkt von unseren Aktivmitgliedern sowie Partnervereinen aktuelle Insiderinformationen, Tipps, Hinweise, Anfragen, Gesch\u00e4ftsm\u00f6glichkeiten, Angebote, Fachkr\u00e4ftepool, Gelegenheiten, Projekte und Gesuchtes. S U C H E *Lehrstelle( 1.11.2024) ab sofort von Schulabg\u00e4nger (m)&hellip; <\/p>\n","protected":false},"author":3,"featured_media":0,"parent":303,"menu_order":0,"comment_status":"closed","ping_status":"closed","template":"","meta":{"ngg_post_thumbnail":0,"footnotes":""},"class_list":["post-1178","page","type-page","status-publish","hentry"],"yoast_head":"<!-- This site is optimized with the Yoast SEO plugin v27.5 - https:\/\/yoast.com\/product\/yoast-seo-wordpress\/ -->\n<title>Suche-Biete-Tipps - Gewerbeverein Oberes Fricktal<\/title>\n<meta name=\"description\" content=\"Direkt von unseren Aktivmitgliedern und Partnervereinen Insiderinformationen, Tipps, Gesch\u00e4ftsm\u00f6glichkeiten, Angebote, Gelegenheiten und Gesuchtes.\" \/>\n<meta name=\"robots\" content=\"index, follow, max-snippet:-1, max-image-preview:large, max-video-preview:-1\" \/>\n<link rel=\"canonical\" href=\"https:\/\/gewerbeoberesfricktal.ch\/index.php\/info\/suche-biete-tipps\/\" \/>\n<meta property=\"og:locale\" content=\"de_DE\" \/>\n<meta property=\"og:type\" content=\"article\" \/>\n<meta property=\"og:title\" content=\"Suche-Biete-Tipps - Gewerbeverein Oberes Fricktal\" \/>\n<meta property=\"og:description\" content=\"Direkt von unseren Aktivmitgliedern und Partnervereinen Insiderinformationen, Tipps, Gesch\u00e4ftsm\u00f6glichkeiten, Angebote, Gelegenheiten und Gesuchtes.\" \/>\n<meta property=\"og:url\" content=\"https:\/\/gewerbeoberesfricktal.ch\/index.php\/info\/suche-biete-tipps\/\" \/>\n<meta property=\"og:site_name\" content=\"Gewerbeverein Oberes Fricktal\" \/>\n<meta property=\"article:publisher\" content=\"https:\/\/facebook.com\/gewerbe-oberes-fricktal\" \/>\n<meta property=\"article:modified_time\" content=\"2024-11-02T14:01:14+00:00\" \/>\n<meta name=\"twitter:card\" content=\"summary_large_image\" \/>\n<meta name=\"twitter:label1\" content=\"Gesch\u00e4tzte Lesezeit\" \/>\n\t<meta name=\"twitter:data1\" content=\"4\u00a0Minuten\" \/>\n<script type=\"application\/ld+json\" class=\"yoast-schema-graph\">{\"@context\":\"https:\\\/\\\/schema.org\",\"@graph\":[{\"@type\":\"WebPage\",\"@id\":\"https:\\\/\\\/gewerbeoberesfricktal.ch\\\/index.php\\\/info\\\/suche-biete-tipps\\\/\",\"url\":\"https:\\\/\\\/gewerbeoberesfricktal.ch\\\/index.php\\\/info\\\/suche-biete-tipps\\\/\",\"name\":\"Suche-Biete-Tipps - Gewerbeverein Oberes Fricktal\",\"isPartOf\":{\"@id\":\"https:\\\/\\\/gewerbeoberesfricktal.ch\\\/#website\"},\"datePublished\":\"2021-02-14T12:35:10+00:00\",\"dateModified\":\"2024-11-02T14:01:14+00:00\",\"description\":\"Direkt von unseren Aktivmitgliedern und Partnervereinen Insiderinformationen, Tipps, Gesch\u00e4ftsm\u00f6glichkeiten, Angebote, Gelegenheiten und Gesuchtes.\",\"breadcrumb\":{\"@id\":\"https:\\\/\\\/gewerbeoberesfricktal.ch\\\/index.php\\\/info\\\/suche-biete-tipps\\\/#breadcrumb\"},\"inLanguage\":\"de-CH\",\"potentialAction\":[{\"@type\":\"ReadAction\",\"target\":[\"https:\\\/\\\/gewerbeoberesfricktal.ch\\\/index.php\\\/info\\\/suche-biete-tipps\\\/\"]}]},{\"@type\":\"BreadcrumbList\",\"@id\":\"https:\\\/\\\/gewerbeoberesfricktal.ch\\\/index.php\\\/info\\\/suche-biete-tipps\\\/#breadcrumb\",\"itemListElement\":[{\"@type\":\"ListItem\",\"position\":1,\"name\":\"Startseite\",\"item\":\"https:\\\/\\\/gewerbeoberesfricktal.ch\\\/\"},{\"@type\":\"ListItem\",\"position\":2,\"name\":\"Info\",\"item\":\"https:\\\/\\\/gewerbeoberesfricktal.ch\\\/index.php\\\/info\\\/\"},{\"@type\":\"ListItem\",\"position\":3,\"name\":\"Suche-Biete-Tipps\"}]},{\"@type\":\"WebSite\",\"@id\":\"https:\\\/\\\/gewerbeoberesfricktal.ch\\\/#website\",\"url\":\"https:\\\/\\\/gewerbeoberesfricktal.ch\\\/\",\"name\":\"Gewerbeverein Oberes Fricktal\",\"description\":\"Ein starkes Gewerbe braucht die Region.\",\"publisher\":{\"@id\":\"https:\\\/\\\/gewerbeoberesfricktal.ch\\\/#organization\"},\"potentialAction\":[{\"@type\":\"SearchAction\",\"target\":{\"@type\":\"EntryPoint\",\"urlTemplate\":\"https:\\\/\\\/gewerbeoberesfricktal.ch\\\/?s={search_term_string}\"},\"query-input\":{\"@type\":\"PropertyValueSpecification\",\"valueRequired\":true,\"valueName\":\"search_term_string\"}}],\"inLanguage\":\"de-CH\"},{\"@type\":\"Organization\",\"@id\":\"https:\\\/\\\/gewerbeoberesfricktal.ch\\\/#organization\",\"name\":\"Gewerbeverein Oberes Fricktal\",\"url\":\"https:\\\/\\\/gewerbeoberesfricktal.ch\\\/\",\"logo\":{\"@type\":\"ImageObject\",\"inLanguage\":\"de-CH\",\"@id\":\"https:\\\/\\\/gewerbeoberesfricktal.ch\\\/#\\\/schema\\\/logo\\\/image\\\/\",\"url\":\"https:\\\/\\\/gewerbeoberesfricktal.ch\\\/wp-content\\\/uploads\\\/2018\\\/04\\\/GOF_Wortmarke-DEF_positiv-gruen-anthrazit_ausschnitt.jpg\",\"contentUrl\":\"https:\\\/\\\/gewerbeoberesfricktal.ch\\\/wp-content\\\/uploads\\\/2018\\\/04\\\/GOF_Wortmarke-DEF_positiv-gruen-anthrazit_ausschnitt.jpg\",\"width\":1214,\"height\":498,\"caption\":\"Gewerbeverein Oberes Fricktal\"},\"image\":{\"@id\":\"https:\\\/\\\/gewerbeoberesfricktal.ch\\\/#\\\/schema\\\/logo\\\/image\\\/\"},\"sameAs\":[\"https:\\\/\\\/facebook.com\\\/gewerbe-oberes-fricktal\"]}]}<\/script>\n<!-- \/ Yoast SEO plugin. -->","yoast_head_json":{"title":"Suche-Biete-Tipps - Gewerbeverein Oberes Fricktal","description":"Direkt von unseren Aktivmitgliedern und Partnervereinen Insiderinformationen, Tipps, Gesch\u00e4ftsm\u00f6glichkeiten, Angebote, Gelegenheiten und Gesuchtes.","robots":{"index":"index","follow":"follow","max-snippet":"max-snippet:-1","max-image-preview":"max-image-preview:large","max-video-preview":"max-video-preview:-1"},"canonical":"https:\/\/gewerbeoberesfricktal.ch\/index.php\/info\/suche-biete-tipps\/","og_locale":"de_DE","og_type":"article","og_title":"Suche-Biete-Tipps - Gewerbeverein Oberes Fricktal","og_description":"Direkt von unseren Aktivmitgliedern und Partnervereinen Insiderinformationen, Tipps, Gesch\u00e4ftsm\u00f6glichkeiten, Angebote, Gelegenheiten und Gesuchtes.","og_url":"https:\/\/gewerbeoberesfricktal.ch\/index.php\/info\/suche-biete-tipps\/","og_site_name":"Gewerbeverein Oberes Fricktal","article_publisher":"https:\/\/facebook.com\/gewerbe-oberes-fricktal","article_modified_time":"2024-11-02T14:01:14+00:00","twitter_card":"summary_large_image","twitter_misc":{"Gesch\u00e4tzte Lesezeit":"4\u00a0Minuten"},"schema":{"@context":"https:\/\/schema.org","@graph":[{"@type":"WebPage","@id":"https:\/\/gewerbeoberesfricktal.ch\/index.php\/info\/suche-biete-tipps\/","url":"https:\/\/gewerbeoberesfricktal.ch\/index.php\/info\/suche-biete-tipps\/","name":"Suche-Biete-Tipps - Gewerbeverein Oberes Fricktal","isPartOf":{"@id":"https:\/\/gewerbeoberesfricktal.ch\/#website"},"datePublished":"2021-02-14T12:35:10+00:00","dateModified":"2024-11-02T14:01:14+00:00","description":"Direkt von unseren Aktivmitgliedern und Partnervereinen Insiderinformationen, Tipps, Gesch\u00e4ftsm\u00f6glichkeiten, Angebote, Gelegenheiten und Gesuchtes.","breadcrumb":{"@id":"https:\/\/gewerbeoberesfricktal.ch\/index.php\/info\/suche-biete-tipps\/#breadcrumb"},"inLanguage":"de-CH","potentialAction":[{"@type":"ReadAction","target":["https:\/\/gewerbeoberesfricktal.ch\/index.php\/info\/suche-biete-tipps\/"]}]},{"@type":"BreadcrumbList","@id":"https:\/\/gewerbeoberesfricktal.ch\/index.php\/info\/suche-biete-tipps\/#breadcrumb","itemListElement":[{"@type":"ListItem","position":1,"name":"Startseite","item":"https:\/\/gewerbeoberesfricktal.ch\/"},{"@type":"ListItem","position":2,"name":"Info","item":"https:\/\/gewerbeoberesfricktal.ch\/index.php\/info\/"},{"@type":"ListItem","position":3,"name":"Suche-Biete-Tipps"}]},{"@type":"WebSite","@id":"https:\/\/gewerbeoberesfricktal.ch\/#website","url":"https:\/\/gewerbeoberesfricktal.ch\/","name":"Gewerbeverein Oberes Fricktal","description":"Ein starkes Gewerbe braucht die Region.","publisher":{"@id":"https:\/\/gewerbeoberesfricktal.ch\/#organization"},"potentialAction":[{"@type":"SearchAction","target":{"@type":"EntryPoint","urlTemplate":"https:\/\/gewerbeoberesfricktal.ch\/?s={search_term_string}"},"query-input":{"@type":"PropertyValueSpecification","valueRequired":true,"valueName":"search_term_string"}}],"inLanguage":"de-CH"},{"@type":"Organization","@id":"https:\/\/gewerbeoberesfricktal.ch\/#organization","name":"Gewerbeverein Oberes Fricktal","url":"https:\/\/gewerbeoberesfricktal.ch\/","logo":{"@type":"ImageObject","inLanguage":"de-CH","@id":"https:\/\/gewerbeoberesfricktal.ch\/#\/schema\/logo\/image\/","url":"https:\/\/gewerbeoberesfricktal.ch\/wp-content\/uploads\/2018\/04\/GOF_Wortmarke-DEF_positiv-gruen-anthrazit_ausschnitt.jpg","contentUrl":"https:\/\/gewerbeoberesfricktal.ch\/wp-content\/uploads\/2018\/04\/GOF_Wortmarke-DEF_positiv-gruen-anthrazit_ausschnitt.jpg","width":1214,"height":498,"caption":"Gewerbeverein Oberes Fricktal"},"image":{"@id":"https:\/\/gewerbeoberesfricktal.ch\/#\/schema\/logo\/image\/"},"sameAs":["https:\/\/facebook.com\/gewerbe-oberes-fricktal"]}]}},"_links":{"self":[{"href":"https:\/\/gewerbeoberesfricktal.ch\/index.php\/wp-json\/wp\/v2\/pages\/1178","targetHints":{"allow":["GET"]}}],"collection":[{"href":"https:\/\/gewerbeoberesfricktal.ch\/index.php\/wp-json\/wp\/v2\/pages"}],"about":[{"href":"https:\/\/gewerbeoberesfricktal.ch\/index.php\/wp-json\/wp\/v2\/types\/page"}],"author":[{"embeddable":true,"href":"https:\/\/gewerbeoberesfricktal.ch\/index.php\/wp-json\/wp\/v2\/users\/3"}],"replies":[{"embeddable":true,"href":"https:\/\/gewerbeoberesfricktal.ch\/index.php\/wp-json\/wp\/v2\/comments?post=1178"}],"version-history":[{"count":13,"href":"https:\/\/gewerbeoberesfricktal.ch\/index.php\/wp-json\/wp\/v2\/pages\/1178\/revisions"}],"predecessor-version":[{"id":1835,"href":"https:\/\/gewerbeoberesfricktal.ch\/index.php\/wp-json\/wp\/v2\/pages\/1178\/revisions\/1835"}],"up":[{"embeddable":true,"href":"https:\/\/gewerbeoberesfricktal.ch\/index.php\/wp-json\/wp\/v2\/pages\/303"}],"wp:attachment":[{"href":"https:\/\/gewerbeoberesfricktal.ch\/index.php\/wp-json\/wp\/v2\/media?parent=1178"}],"curies":[{"name":"wp","href":"https:\/\/api.w.org\/{rel}","templated":true}]}}