{"id":1498,"date":"2022-08-26T14:25:20","date_gmt":"2022-08-26T12:25:20","guid":{"rendered":"https:\/\/gewerbeoberesfricktal.ch\/?page_id=1498"},"modified":"2026-01-21T22:54:19","modified_gmt":"2026-01-21T21:54:19","slug":"home2","status":"publish","type":"page","link":"https:\/\/gewerbeoberesfricktal.ch\/","title":{"rendered":"Home2"},"content":{"rendered":"\n<h2 class=\"wp-block-heading\">Willkommen bei den &#171;Bewirkern&#187; und den &#171;Machern&#187;<\/h2>\n\n\n\n<p>Wer und was sind wir, was sind unsere Ziele, die Motivation und die Aktivit\u00e4ten?<\/p>\n\n\n\n<p><strong>Das Gewerbe, Vollzeit- und Teilzeit &#8211; Selbst\u00e4ndigerwerbende, Freelancer, Homeofficer, Zweit- und Drittjobber, Multi- \/Microjobber, SolounternehmerInnen, WiedereinsteigerInnen, Restarter,&nbsp; Mikrounternehmen, DienstleisterInnen, Blogger, Infominer, e-Journis, Influenzer, Prosumer, Transfer-Agents, Changer, Realisatoren, Vision\u00e4re mit Praxisbezug, Mediensprecher, Weltver\u00e4nderer, Quereinsteiger, After-Careerers, Pension\u00e4re, K\u00fcnstler, Remote Leader, Indexer, Kuratoren, Delegatoren, Integratoren, Migratoren, Homeoffice Manager, Selfcompany, Aktivb\u00fcrger, Vereins- und Interessengruppenmanager, Kreative, Soloselbst\u00e4ndige, Teilselbst\u00e4ndige, Macher und Anpacker, Medienschaffende, Repr\u00e4sentantIn, Klimakleber, Prosumer, Business-Panthers, Business-Engels und Silberr\u00fccken, \u00fc40er, Experten und Inperten, Aktive, Texter, Beschaffer, Freischaffende, Agenten, AI Contentproducer, Closer,  Content Creator, Digital Assistant, Personal Life Assistant PLA, Fortune Producer, Trustmanager, Transferagent,  AI Koordinator, wertsch\u00f6pfende Leistungstr\u00e4ger der Gesellschaft usw. spielen immer mehr eine wichtige Rolle in einer lebendigen Region:<\/strong><\/p>\n\n\n\n<p><strong>&#171;Die Verwirklicher&#187; und &#171;Die Macher&#187;.<\/strong><\/p>\n\n\n\n<p>Geben wir uns eine Stimme &#8211; unterst\u00fctzen wir unsere gemeinsame Sache. Helfen wir uns und lernen wir voneinander.<\/p>\n\n\n\n<blockquote class=\"wp-block-quote is-layout-flow wp-block-quote-is-layout-flow\">\n<p>Gestalten wir aktiv unsere Zukunft.<\/p>\n<\/blockquote>\n\n\n\n<p><\/p>\n\n\n\n<h2 class=\"wp-block-heading\">NEWS<\/h2>\n\n\n\n<p><\/p>\n\n\n\n<p>21., 05. Januar 2026<br>N\u00e4chste Anl\u00e4sse updated<\/p>\n\n\n\n<p>29. November 2025, 18. November 2025<br>Neue Daten, InnovationLunch, Themen, updates, Anl\u00e4sse<\/p>\n\n\n\n<p>14. Oktober 2025, 05. Oktober 2025, 25.+23. August 2025, 15. Juli, 08. Juni, 17. Mai, 23. April, 11. M\u00e4rz , 13. Februar, 20. Januar<br>Neu: 30.6. After Work Apero-Grill, Jahresmitte-Bilanz, Ergebnis Umfrage 3, Aktuelle Innovation &#8211; Lunches, div. updates, Arbeitsgruppen\u00fcbersicht aktualisiert, Jahresprogramm 2025, alle Richpoints und Mittwochtreffs<\/p>\n\n\n\n<p>01. \/ 20. Dezember 2024, 01. November, 10. Oktober, 25. September<br>Aktualisiert: diverses, Info\/Doku: Mittelstandstudie 2024, Jahresend-Ap\u00e9ro, Treffen Wienachtsguezlim\u00e4rt, Innovationlunchs, Richpoint Mittwochtreffs, Berufe und T\u00e4tigkeiten, Suche-Biete-Tipps<\/p>\n\n\n\n<p>01. September 2024, 29. Juli, 25. Juli, 15. Juli, 15.August<br>Aktuelle Anl\u00e4sse update, InnovationLunch &#171;Wertsch\u00e4tzung und Respekt als Basis f\u00fcr Gesundheit und Lebensqualit\u00e4t&#187;, &#171;Erfolgreiche Einwandbehandlung&#187;, &#171;\u00dcberzeugend argumentieren&#187;, &#171;InnivationLunch on the road bei Hundertwasser&#187;, After-Work-Treff Feierabendbier am 2.8.2024<br><br>11. Mai 2024<br>Infocenter: Merk- und Arbeitsbl\u00e4tter aktualisiert; Anl\u00e4sse<\/p>\n\n\n\n<p>2. April 2024, 21. April 2024<br>N\u00e4chste Innovation &#8211; Lunches am Mittwochstreff \/ Richpoint:<br>10.4. \u201eWir nutzen KI\/AI\/AR produktiv: verf\u00fcgbare Tools und Aufgaben\u201c<br>15.4. und 15.5. \u201eZeit haben k\u00f6nnen\u201c<br>24.4. &#171;Motivation und Lebensfreude in der 2. Lebensh\u00e4lfte 50+&#187;<br>12.6. \u201eWertsch\u00e4tzend kommunizieren, handeln und f\u00fchren\u201c<\/p>\n\n\n\n<p><\/p>\n\n\n\n<p><\/p>\n\n\n\n<p><\/p>\n\n\n\n<h2 class=\"wp-block-heading\"><a href=\"https:\/\/gewerbeoberesfricktal.ch\/index.php\/blog\/\">Gleich weiter &gt;&gt;&gt; zum Blog<\/a><\/h2>\n\n\n\n<p><\/p>\n\n\n\n<p><\/p>\n","protected":false},"excerpt":{"rendered":"<p>Willkommen bei den &#171;Bewirkern&#187; und den &#171;Machern&#187; Wer und was sind wir, was sind unsere Ziele, die Motivation und die Aktivit\u00e4ten? Das Gewerbe, Vollzeit- und Teilzeit &#8211; Selbst\u00e4ndigerwerbende, Freelancer, Homeofficer, Zweit- und Drittjobber, Multi- \/Microjobber, SolounternehmerInnen, WiedereinsteigerInnen, Restarter,&nbsp; Mikrounternehmen, DienstleisterInnen,&hellip; <\/p>\n","protected":false},"author":4,"featured_media":0,"parent":0,"menu_order":0,"comment_status":"closed","ping_status":"closed","template":"","meta":{"ngg_post_thumbnail":0,"footnotes":""},"class_list":["post-1498","page","type-page","status-publish","hentry"],"yoast_head":"<!-- This site is optimized with the Yoast SEO plugin v27.6 - https:\/\/yoast.com\/product\/yoast-seo-wordpress\/ -->\n<title>Home2 - Gewerbeverein Oberes Fricktal<\/title>\n<meta name=\"description\" content=\"\u201eDie Verwirklicher und Die Macher\u201c. Geben wir uns eine Stimme \u2013 unterst\u00fctzen wir unsere gemeinsame Sache. Helfen wir einander. Gestalten wir aktiv unsere Zukunft.\" \/>\n<meta name=\"robots\" content=\"index, follow, max-snippet:-1, max-image-preview:large, max-video-preview:-1\" \/>\n<link rel=\"canonical\" href=\"https:\/\/gewerbeoberesfricktal.ch\/\" \/>\n<meta property=\"og:locale\" content=\"de_DE\" \/>\n<meta property=\"og:type\" content=\"article\" \/>\n<meta property=\"og:title\" content=\"Home2 - Gewerbeverein Oberes Fricktal\" \/>\n<meta property=\"og:description\" content=\"\u201eDie Verwirklicher und Die Macher\u201c. Geben wir uns eine Stimme \u2013 unterst\u00fctzen wir unsere gemeinsame Sache. Helfen wir einander. Gestalten wir aktiv unsere Zukunft.\" \/>\n<meta property=\"og:url\" content=\"https:\/\/gewerbeoberesfricktal.ch\/\" \/>\n<meta property=\"og:site_name\" content=\"Gewerbeverein Oberes Fricktal\" \/>\n<meta property=\"article:publisher\" content=\"https:\/\/facebook.com\/gewerbe-oberes-fricktal\" \/>\n<meta property=\"article:modified_time\" content=\"2026-01-21T21:54:19+00:00\" \/>\n<meta name=\"twitter:card\" content=\"summary_large_image\" \/>\n<meta name=\"twitter:label1\" content=\"Gesch\u00e4tzte Lesezeit\" \/>\n\t<meta name=\"twitter:data1\" content=\"2\u00a0Minuten\" \/>\n<script type=\"application\/ld+json\" class=\"yoast-schema-graph\">{\"@context\":\"https:\\\/\\\/schema.org\",\"@graph\":[{\"@type\":\"WebPage\",\"@id\":\"https:\\\/\\\/gewerbeoberesfricktal.ch\\\/\",\"url\":\"https:\\\/\\\/gewerbeoberesfricktal.ch\\\/\",\"name\":\"Home2 - Gewerbeverein Oberes Fricktal\",\"isPartOf\":{\"@id\":\"https:\\\/\\\/gewerbeoberesfricktal.ch\\\/#website\"},\"datePublished\":\"2022-08-26T12:25:20+00:00\",\"dateModified\":\"2026-01-21T21:54:19+00:00\",\"description\":\"\u201eDie Verwirklicher und Die Macher\u201c. Geben wir uns eine Stimme \u2013 unterst\u00fctzen wir unsere gemeinsame Sache. Helfen wir einander. Gestalten wir aktiv unsere Zukunft.\",\"breadcrumb\":{\"@id\":\"https:\\\/\\\/gewerbeoberesfricktal.ch\\\/#breadcrumb\"},\"inLanguage\":\"de-CH\",\"potentialAction\":[{\"@type\":\"ReadAction\",\"target\":[\"https:\\\/\\\/gewerbeoberesfricktal.ch\\\/\"]}]},{\"@type\":\"BreadcrumbList\",\"@id\":\"https:\\\/\\\/gewerbeoberesfricktal.ch\\\/#breadcrumb\",\"itemListElement\":[{\"@type\":\"ListItem\",\"position\":1,\"name\":\"Startseite\",\"item\":\"https:\\\/\\\/gewerbeoberesfricktal.ch\\\/\"},{\"@type\":\"ListItem\",\"position\":2,\"name\":\"Home2\"}]},{\"@type\":\"WebSite\",\"@id\":\"https:\\\/\\\/gewerbeoberesfricktal.ch\\\/#website\",\"url\":\"https:\\\/\\\/gewerbeoberesfricktal.ch\\\/\",\"name\":\"Gewerbeverein Oberes Fricktal\",\"description\":\"Ein starkes Gewerbe braucht die Region.\",\"publisher\":{\"@id\":\"https:\\\/\\\/gewerbeoberesfricktal.ch\\\/#organization\"},\"potentialAction\":[{\"@type\":\"SearchAction\",\"target\":{\"@type\":\"EntryPoint\",\"urlTemplate\":\"https:\\\/\\\/gewerbeoberesfricktal.ch\\\/?s={search_term_string}\"},\"query-input\":{\"@type\":\"PropertyValueSpecification\",\"valueRequired\":true,\"valueName\":\"search_term_string\"}}],\"inLanguage\":\"de-CH\"},{\"@type\":\"Organization\",\"@id\":\"https:\\\/\\\/gewerbeoberesfricktal.ch\\\/#organization\",\"name\":\"Gewerbeverein Oberes Fricktal\",\"url\":\"https:\\\/\\\/gewerbeoberesfricktal.ch\\\/\",\"logo\":{\"@type\":\"ImageObject\",\"inLanguage\":\"de-CH\",\"@id\":\"https:\\\/\\\/gewerbeoberesfricktal.ch\\\/#\\\/schema\\\/logo\\\/image\\\/\",\"url\":\"https:\\\/\\\/gewerbeoberesfricktal.ch\\\/wp-content\\\/uploads\\\/2018\\\/04\\\/GOF_Wortmarke-DEF_positiv-gruen-anthrazit_ausschnitt.jpg\",\"contentUrl\":\"https:\\\/\\\/gewerbeoberesfricktal.ch\\\/wp-content\\\/uploads\\\/2018\\\/04\\\/GOF_Wortmarke-DEF_positiv-gruen-anthrazit_ausschnitt.jpg\",\"width\":1214,\"height\":498,\"caption\":\"Gewerbeverein Oberes Fricktal\"},\"image\":{\"@id\":\"https:\\\/\\\/gewerbeoberesfricktal.ch\\\/#\\\/schema\\\/logo\\\/image\\\/\"},\"sameAs\":[\"https:\\\/\\\/facebook.com\\\/gewerbe-oberes-fricktal\"]}]}<\/script>\n<!-- \/ Yoast SEO plugin. -->","yoast_head_json":{"title":"Home2 - Gewerbeverein Oberes Fricktal","description":"\u201eDie Verwirklicher und Die Macher\u201c. Geben wir uns eine Stimme \u2013 unterst\u00fctzen wir unsere gemeinsame Sache. Helfen wir einander. Gestalten wir aktiv unsere Zukunft.","robots":{"index":"index","follow":"follow","max-snippet":"max-snippet:-1","max-image-preview":"max-image-preview:large","max-video-preview":"max-video-preview:-1"},"canonical":"https:\/\/gewerbeoberesfricktal.ch\/","og_locale":"de_DE","og_type":"article","og_title":"Home2 - Gewerbeverein Oberes Fricktal","og_description":"\u201eDie Verwirklicher und Die Macher\u201c. Geben wir uns eine Stimme \u2013 unterst\u00fctzen wir unsere gemeinsame Sache. Helfen wir einander. Gestalten wir aktiv unsere Zukunft.","og_url":"https:\/\/gewerbeoberesfricktal.ch\/","og_site_name":"Gewerbeverein Oberes Fricktal","article_publisher":"https:\/\/facebook.com\/gewerbe-oberes-fricktal","article_modified_time":"2026-01-21T21:54:19+00:00","twitter_card":"summary_large_image","twitter_misc":{"Gesch\u00e4tzte Lesezeit":"2\u00a0Minuten"},"schema":{"@context":"https:\/\/schema.org","@graph":[{"@type":"WebPage","@id":"https:\/\/gewerbeoberesfricktal.ch\/","url":"https:\/\/gewerbeoberesfricktal.ch\/","name":"Home2 - Gewerbeverein Oberes Fricktal","isPartOf":{"@id":"https:\/\/gewerbeoberesfricktal.ch\/#website"},"datePublished":"2022-08-26T12:25:20+00:00","dateModified":"2026-01-21T21:54:19+00:00","description":"\u201eDie Verwirklicher und Die Macher\u201c. Geben wir uns eine Stimme \u2013 unterst\u00fctzen wir unsere gemeinsame Sache. Helfen wir einander. Gestalten wir aktiv unsere Zukunft.","breadcrumb":{"@id":"https:\/\/gewerbeoberesfricktal.ch\/#breadcrumb"},"inLanguage":"de-CH","potentialAction":[{"@type":"ReadAction","target":["https:\/\/gewerbeoberesfricktal.ch\/"]}]},{"@type":"BreadcrumbList","@id":"https:\/\/gewerbeoberesfricktal.ch\/#breadcrumb","itemListElement":[{"@type":"ListItem","position":1,"name":"Startseite","item":"https:\/\/gewerbeoberesfricktal.ch\/"},{"@type":"ListItem","position":2,"name":"Home2"}]},{"@type":"WebSite","@id":"https:\/\/gewerbeoberesfricktal.ch\/#website","url":"https:\/\/gewerbeoberesfricktal.ch\/","name":"Gewerbeverein Oberes Fricktal","description":"Ein starkes Gewerbe braucht die Region.","publisher":{"@id":"https:\/\/gewerbeoberesfricktal.ch\/#organization"},"potentialAction":[{"@type":"SearchAction","target":{"@type":"EntryPoint","urlTemplate":"https:\/\/gewerbeoberesfricktal.ch\/?s={search_term_string}"},"query-input":{"@type":"PropertyValueSpecification","valueRequired":true,"valueName":"search_term_string"}}],"inLanguage":"de-CH"},{"@type":"Organization","@id":"https:\/\/gewerbeoberesfricktal.ch\/#organization","name":"Gewerbeverein Oberes Fricktal","url":"https:\/\/gewerbeoberesfricktal.ch\/","logo":{"@type":"ImageObject","inLanguage":"de-CH","@id":"https:\/\/gewerbeoberesfricktal.ch\/#\/schema\/logo\/image\/","url":"https:\/\/gewerbeoberesfricktal.ch\/wp-content\/uploads\/2018\/04\/GOF_Wortmarke-DEF_positiv-gruen-anthrazit_ausschnitt.jpg","contentUrl":"https:\/\/gewerbeoberesfricktal.ch\/wp-content\/uploads\/2018\/04\/GOF_Wortmarke-DEF_positiv-gruen-anthrazit_ausschnitt.jpg","width":1214,"height":498,"caption":"Gewerbeverein Oberes Fricktal"},"image":{"@id":"https:\/\/gewerbeoberesfricktal.ch\/#\/schema\/logo\/image\/"},"sameAs":["https:\/\/facebook.com\/gewerbe-oberes-fricktal"]}]}},"_links":{"self":[{"href":"https:\/\/gewerbeoberesfricktal.ch\/index.php\/wp-json\/wp\/v2\/pages\/1498","targetHints":{"allow":["GET"]}}],"collection":[{"href":"https:\/\/gewerbeoberesfricktal.ch\/index.php\/wp-json\/wp\/v2\/pages"}],"about":[{"href":"https:\/\/gewerbeoberesfricktal.ch\/index.php\/wp-json\/wp\/v2\/types\/page"}],"author":[{"embeddable":true,"href":"https:\/\/gewerbeoberesfricktal.ch\/index.php\/wp-json\/wp\/v2\/users\/4"}],"replies":[{"embeddable":true,"href":"https:\/\/gewerbeoberesfricktal.ch\/index.php\/wp-json\/wp\/v2\/comments?post=1498"}],"version-history":[{"count":63,"href":"https:\/\/gewerbeoberesfricktal.ch\/index.php\/wp-json\/wp\/v2\/pages\/1498\/revisions"}],"predecessor-version":[{"id":1994,"href":"https:\/\/gewerbeoberesfricktal.ch\/index.php\/wp-json\/wp\/v2\/pages\/1498\/revisions\/1994"}],"wp:attachment":[{"href":"https:\/\/gewerbeoberesfricktal.ch\/index.php\/wp-json\/wp\/v2\/media?parent=1498"}],"curies":[{"name":"wp","href":"https:\/\/api.w.org\/{rel}","templated":true}]}}