{"id":799,"date":"2019-11-21T12:38:51","date_gmt":"2019-11-21T11:38:51","guid":{"rendered":"https:\/\/gewerbeoberesfricktal.ch\/?page_id=799"},"modified":"2019-11-21T12:38:52","modified_gmt":"2019-11-21T11:38:52","slug":"anmeldung-outdoor-roemer-neujahrs-after-work-fondue-10-1-2020","status":"publish","type":"page","link":"https:\/\/gewerbeoberesfricktal.ch\/index.php\/kontakt\/anmeldung-outdoor-roemer-neujahrs-after-work-fondue-10-1-2020\/","title":{"rendered":"Anmeldung Outdoor-R\u00f6mer-Neujahrs-After-Work-Fondue 10.1.2020"},"content":{"rendered":"<div id=\"vfb-form-9\" class=\"visual-form-builder-container\"><form id=\"anmeldung-after-work-outdoor-fondue-10-januar-2020-9\" class=\"visual-form-builder vfb-form-9 \" method=\"post\" enctype=\"multipart\/form-data\">\r\n\t  \t<input type=\"hidden\" name=\"form_id\" value=\"9\" \/><fieldset class=\"vfb-fieldset vfb-fieldset-1 anmeldung-outdoor-roemer-neujahrs-after-work-fondue-am-10-januar-2020 \" id=\"item-vfb-128\"><div class=\"vfb-legend\"><h3>Anmeldung Outdoor-R\u00f6mer-Neujahrs-After-Work-Fondue am 10. Januar 2020<\/h3><\/div><ul class=\"vfb-section vfb-section-1\"><li class=\"vfb-item vfb-item-instructions  \" id=\"item-vfb-141\"><label class=\"vfb-desc\">Verbindliche Anmeldung zur Teilnahme <\/label>Freitag, 10. Januar 2020\r\nEintreffen ab 17.45h (Feuer brennt ab 17.30h)\r\nBeginn p\u00fcnktlich 18.00h:\r\n\u2013 Start mit erstem \u201eFonduemocken\u201c\r\nEnde 19.00h (+ weitere Gespr\u00e4che um die Feuerstelle bis ca. 21h m\u00f6glich)\r\nKonsumationsanteil pro Teilnehmer: CHF 20.00\r\n(Bezahlung am Anlass)\r\n\r\nVeranstaltet zusammen mit:\r\nVerein \u00dcberbetriebliche Zusammenarbeit, Kompetenznetzwerk Standortf\u00f6rderung, boezbergblog.ch<\/li><li class=\"vfb-item vfb-item-text  \" id=\"item-vfb-133\"><label for=\"vfb-133\" class=\"vfb-desc\">Vorname  <span class=\"vfb-required-asterisk\">*<\/span><\/label><input type=\"text\" name=\"vfb-133\" id=\"vfb-133\" value=\"\" class=\"vfb-text  vfb-medium  required  \" \/><\/li><li class=\"vfb-item vfb-item-text  \" id=\"item-vfb-134\"><label for=\"vfb-134\" class=\"vfb-desc\">Name  <span class=\"vfb-required-asterisk\">*<\/span><\/label><input type=\"text\" name=\"vfb-134\" id=\"vfb-134\" value=\"\" class=\"vfb-text  vfb-medium  required  \" \/><\/li><li class=\"vfb-item vfb-item-text  \" id=\"item-vfb-139\"><label for=\"vfb-139\" class=\"vfb-desc\">Branche <\/label><input type=\"text\" name=\"vfb-139\" id=\"vfb-139\" value=\"\" class=\"vfb-text  vfb-medium   \" \/><\/li><li class=\"vfb-item vfb-item-text  \" id=\"item-vfb-138\"><label for=\"vfb-138\" class=\"vfb-desc\">Postleitzahl \/ Ort <\/label><input type=\"text\" name=\"vfb-138\" id=\"vfb-138\" value=\"\" class=\"vfb-text  vfb-medium   \" \/><\/li><li class=\"vfb-item vfb-item-select  \" id=\"item-vfb-132\"><label for=\"vfb-132\" class=\"vfb-desc\">Anzahl Teilnehmende  <span class=\"vfb-required-asterisk\">*<\/span><\/label><select name=\"vfb-132\" id=\"vfb-132\" class=\"vfb-select  vfb-medium  required \"><option value=\"keine Begleitpersonen\">keine Begleitpersonen<\/option><option value=\"1 Begleitperson\">1 Begleitperson<\/option><\/select><\/li><li class=\"vfb-item vfb-item-textarea  \" id=\"item-vfb-142\"><label for=\"vfb-142\" class=\"vfb-desc\">Name der Begleitperson <\/label><div><textarea name=\"vfb-142\" id=\"vfb-142\" class=\"vfb-textarea  vfb-medium  \"><\/textarea><\/div><\/li><li class=\"vfb-item vfb-item-email  \" id=\"item-vfb-135\"><label for=\"vfb-135\" class=\"vfb-desc\">Meine Email  <span class=\"vfb-required-asterisk\">*<\/span><\/label><input type=\"email\" name=\"vfb-135\" id=\"vfb-135\" value=\"\" class=\"vfb-text  vfb-medium  required  email \" \/><\/li><li class=\"vfb-item vfb-item-phone  \" id=\"item-vfb-136\"><label for=\"vfb-136\" class=\"vfb-desc\">Telefon  <span class=\"vfb-required-asterisk\">*<\/span><\/label><span class=\"vfb-span\"><input type=\"tel\" name=\"vfb-136\" id=\"vfb-136\" value=\"\" class=\"vfb-text  vfb-medium  required  phone \" \/><label>z.B. +41799998877<\/label><\/span><\/li><li class=\"vfb-item vfb-item-select  \" id=\"item-vfb-137\"><label for=\"vfb-137\" class=\"vfb-desc\">Vereinsmitglied <\/label><select name=\"vfb-137\" id=\"vfb-137\" class=\"vfb-select  vfb-medium  \"><option value=\"Ja\">Ja<\/option><option value=\"Nein\">Nein<\/option><option value=\"Bin Interessent\">Bin Interessent<\/option><\/select><\/li><li class=\"vfb-item vfb-item-checkbox  \" id=\"item-vfb-150\"><label class=\"vfb-desc\">Weiteres <\/label><div><span class=\"vfb-span\"><input type=\"checkbox\" name=\"vfb-150[]\" id=\"vfb-150-0\" value=\"Ich bringe etwas zum Kaffee mit.\" class=\"vfb-checkbox  \" \/><label for=\"vfb-150-0\" class=\"vfb-choice\">Ich bringe etwas zum Kaffee mit.<\/label><\/span><span class=\"vfb-span\"><input type=\"checkbox\" name=\"vfb-150[]\" id=\"vfb-150-1\" value=\"Ich m\u00f6chte Sympathisantenmitglied werden.\" class=\"vfb-checkbox  \" \/><label for=\"vfb-150-1\" class=\"vfb-choice\">Ich m\u00f6chte Sympathisantenmitglied werden.<\/label><\/span><div style=\"clear:both\"><\/div><\/div><\/li><li class=\"vfb-item vfb-item-textarea  \" id=\"item-vfb-140\"><label for=\"vfb-140\" class=\"vfb-desc\">Bemerkungen \/ Mitteilung <\/label><div><textarea name=\"vfb-140\" id=\"vfb-140\" class=\"vfb-textarea  vfb-medium  \"><\/textarea><\/div><\/li><\/ul>&nbsp;<\/fieldset><fieldset class=\"vfb-fieldset vfb-fieldset-2 bestaetigung \" id=\"item-vfb-129\" style=\"display:block\"><div class=\"vfb-legend\"><h3>Best\u00e4tigung<\/h3><\/div><ul class=\"vfb-section vfb-section-2\"><li class=\"vfb-item vfb-item-secret\"  style=\"display:block\"><label for=\"vfb-130\" class=\"vfb-desc\">Bitte geben Sie eine beliebige 2 - stellige Zahl ein <span class=\"vfb-required-asterisk\">*<\/span><\/label><input type=\"hidden\" name=\"_vfb-secret\" value=\"vfb-130\" \/><span class=\"vfb-span\"><input type=\"text\" name=\"vfb-130\" id=\"vfb-130\" value=\"\" class=\"vfb-text  vfb-medium  required {digits:true,maxlength:2,minlength:2} \" style=\"display:block\" \/><label>Beispiel: 12<\/label><\/span><li style=\"display:none;\"><label>This box is for spam protection - &lt;strong&gt;please leave it blank&lt;\/strong&gt;:<\/label><div><input name=\"vfb-spam\" \/><\/div><\/li>\r\n\t\t\t<li class=\"vfb-item vfb-item-submit\" id=\"item-vfb-131\">\r\n\t\t\t\t<input type=\"submit\" name=\"vfb-submit\" id=\"vfb-131\" value=\"Absenden\" class=\"vfb-submit \" \/>\r\n\t\t\t\t<\/li><\/ul>\r\n\t\t\t<\/fieldset><input type=\"hidden\" name=\"_wp_http_referer\" value=\"\/index.php\/wp-json\/wp\/v2\/pages\/799\" \/><\/form><\/div> <!-- .visual-form-builder-container -->\n\n\n<p><\/p>\n","protected":false},"excerpt":{"rendered":"","protected":false},"author":5,"featured_media":0,"parent":301,"menu_order":0,"comment_status":"closed","ping_status":"closed","template":"","meta":{"ngg_post_thumbnail":0,"footnotes":""},"class_list":["post-799","page","type-page","status-publish","hentry"],"yoast_head":"<!-- This site is optimized with the Yoast SEO plugin v27.6 - https:\/\/yoast.com\/product\/yoast-seo-wordpress\/ -->\n<title>Anmeldung Outdoor-R\u00f6mer-Neujahrs-After-Work-Fondue 10.1.2020 - Gewerbeverein Oberes Fricktal<\/title>\n<meta name=\"description\" content=\"Outdoor-R\u00f6mer-Neujahrs-After-Work-Fondue 2020 f\u00fcr Mitglieder, Freund und Interessenten. Mit lokalen Produkten.\" \/>\n<meta name=\"robots\" content=\"index, follow, max-snippet:-1, max-image-preview:large, max-video-preview:-1\" \/>\n<link rel=\"canonical\" href=\"https:\/\/gewerbeoberesfricktal.ch\/index.php\/kontakt\/anmeldung-outdoor-roemer-neujahrs-after-work-fondue-10-1-2020\/\" \/>\n<meta property=\"og:locale\" content=\"de_DE\" \/>\n<meta property=\"og:type\" content=\"article\" \/>\n<meta property=\"og:title\" content=\"Anmeldung Outdoor-R\u00f6mer-Neujahrs-After-Work-Fondue 10.1.2020 - Gewerbeverein Oberes Fricktal\" \/>\n<meta property=\"og:description\" content=\"Outdoor-R\u00f6mer-Neujahrs-After-Work-Fondue 2020 f\u00fcr Mitglieder, Freund und Interessenten. Mit lokalen Produkten.\" \/>\n<meta property=\"og:url\" content=\"https:\/\/gewerbeoberesfricktal.ch\/index.php\/kontakt\/anmeldung-outdoor-roemer-neujahrs-after-work-fondue-10-1-2020\/\" \/>\n<meta property=\"og:site_name\" content=\"Gewerbeverein Oberes Fricktal\" \/>\n<meta property=\"article:publisher\" content=\"https:\/\/facebook.com\/gewerbe-oberes-fricktal\" \/>\n<meta property=\"article:modified_time\" content=\"2019-11-21T11:38:52+00:00\" \/>\n<meta name=\"twitter:card\" content=\"summary_large_image\" \/>\n<script type=\"application\/ld+json\" class=\"yoast-schema-graph\">{\"@context\":\"https:\\\/\\\/schema.org\",\"@graph\":[{\"@type\":\"WebPage\",\"@id\":\"https:\\\/\\\/gewerbeoberesfricktal.ch\\\/index.php\\\/kontakt\\\/anmeldung-outdoor-roemer-neujahrs-after-work-fondue-10-1-2020\\\/\",\"url\":\"https:\\\/\\\/gewerbeoberesfricktal.ch\\\/index.php\\\/kontakt\\\/anmeldung-outdoor-roemer-neujahrs-after-work-fondue-10-1-2020\\\/\",\"name\":\"Anmeldung Outdoor-R\u00f6mer-Neujahrs-After-Work-Fondue 10.1.2020 - Gewerbeverein Oberes Fricktal\",\"isPartOf\":{\"@id\":\"https:\\\/\\\/gewerbeoberesfricktal.ch\\\/#website\"},\"datePublished\":\"2019-11-21T11:38:51+00:00\",\"dateModified\":\"2019-11-21T11:38:52+00:00\",\"description\":\"Outdoor-R\u00f6mer-Neujahrs-After-Work-Fondue 2020 f\u00fcr Mitglieder, Freund und Interessenten. Mit lokalen Produkten.\",\"breadcrumb\":{\"@id\":\"https:\\\/\\\/gewerbeoberesfricktal.ch\\\/index.php\\\/kontakt\\\/anmeldung-outdoor-roemer-neujahrs-after-work-fondue-10-1-2020\\\/#breadcrumb\"},\"inLanguage\":\"de-CH\",\"potentialAction\":[{\"@type\":\"ReadAction\",\"target\":[\"https:\\\/\\\/gewerbeoberesfricktal.ch\\\/index.php\\\/kontakt\\\/anmeldung-outdoor-roemer-neujahrs-after-work-fondue-10-1-2020\\\/\"]}]},{\"@type\":\"BreadcrumbList\",\"@id\":\"https:\\\/\\\/gewerbeoberesfricktal.ch\\\/index.php\\\/kontakt\\\/anmeldung-outdoor-roemer-neujahrs-after-work-fondue-10-1-2020\\\/#breadcrumb\",\"itemListElement\":[{\"@type\":\"ListItem\",\"position\":1,\"name\":\"Startseite\",\"item\":\"https:\\\/\\\/gewerbeoberesfricktal.ch\\\/\"},{\"@type\":\"ListItem\",\"position\":2,\"name\":\"Kontakt\",\"item\":\"https:\\\/\\\/gewerbeoberesfricktal.ch\\\/index.php\\\/kontakt\\\/\"},{\"@type\":\"ListItem\",\"position\":3,\"name\":\"Anmeldung Outdoor-R\u00f6mer-Neujahrs-After-Work-Fondue 10.1.2020\"}]},{\"@type\":\"WebSite\",\"@id\":\"https:\\\/\\\/gewerbeoberesfricktal.ch\\\/#website\",\"url\":\"https:\\\/\\\/gewerbeoberesfricktal.ch\\\/\",\"name\":\"Gewerbeverein Oberes Fricktal\",\"description\":\"Ein starkes Gewerbe braucht die Region.\",\"publisher\":{\"@id\":\"https:\\\/\\\/gewerbeoberesfricktal.ch\\\/#organization\"},\"potentialAction\":[{\"@type\":\"SearchAction\",\"target\":{\"@type\":\"EntryPoint\",\"urlTemplate\":\"https:\\\/\\\/gewerbeoberesfricktal.ch\\\/?s={search_term_string}\"},\"query-input\":{\"@type\":\"PropertyValueSpecification\",\"valueRequired\":true,\"valueName\":\"search_term_string\"}}],\"inLanguage\":\"de-CH\"},{\"@type\":\"Organization\",\"@id\":\"https:\\\/\\\/gewerbeoberesfricktal.ch\\\/#organization\",\"name\":\"Gewerbeverein Oberes Fricktal\",\"url\":\"https:\\\/\\\/gewerbeoberesfricktal.ch\\\/\",\"logo\":{\"@type\":\"ImageObject\",\"inLanguage\":\"de-CH\",\"@id\":\"https:\\\/\\\/gewerbeoberesfricktal.ch\\\/#\\\/schema\\\/logo\\\/image\\\/\",\"url\":\"https:\\\/\\\/gewerbeoberesfricktal.ch\\\/wp-content\\\/uploads\\\/2018\\\/04\\\/GOF_Wortmarke-DEF_positiv-gruen-anthrazit_ausschnitt.jpg\",\"contentUrl\":\"https:\\\/\\\/gewerbeoberesfricktal.ch\\\/wp-content\\\/uploads\\\/2018\\\/04\\\/GOF_Wortmarke-DEF_positiv-gruen-anthrazit_ausschnitt.jpg\",\"width\":1214,\"height\":498,\"caption\":\"Gewerbeverein Oberes Fricktal\"},\"image\":{\"@id\":\"https:\\\/\\\/gewerbeoberesfricktal.ch\\\/#\\\/schema\\\/logo\\\/image\\\/\"},\"sameAs\":[\"https:\\\/\\\/facebook.com\\\/gewerbe-oberes-fricktal\"]}]}<\/script>\n<!-- \/ Yoast SEO plugin. -->","yoast_head_json":{"title":"Anmeldung Outdoor-R\u00f6mer-Neujahrs-After-Work-Fondue 10.1.2020 - Gewerbeverein Oberes Fricktal","description":"Outdoor-R\u00f6mer-Neujahrs-After-Work-Fondue 2020 f\u00fcr Mitglieder, Freund und Interessenten. Mit lokalen Produkten.","robots":{"index":"index","follow":"follow","max-snippet":"max-snippet:-1","max-image-preview":"max-image-preview:large","max-video-preview":"max-video-preview:-1"},"canonical":"https:\/\/gewerbeoberesfricktal.ch\/index.php\/kontakt\/anmeldung-outdoor-roemer-neujahrs-after-work-fondue-10-1-2020\/","og_locale":"de_DE","og_type":"article","og_title":"Anmeldung Outdoor-R\u00f6mer-Neujahrs-After-Work-Fondue 10.1.2020 - Gewerbeverein Oberes Fricktal","og_description":"Outdoor-R\u00f6mer-Neujahrs-After-Work-Fondue 2020 f\u00fcr Mitglieder, Freund und Interessenten. Mit lokalen Produkten.","og_url":"https:\/\/gewerbeoberesfricktal.ch\/index.php\/kontakt\/anmeldung-outdoor-roemer-neujahrs-after-work-fondue-10-1-2020\/","og_site_name":"Gewerbeverein Oberes Fricktal","article_publisher":"https:\/\/facebook.com\/gewerbe-oberes-fricktal","article_modified_time":"2019-11-21T11:38:52+00:00","twitter_card":"summary_large_image","schema":{"@context":"https:\/\/schema.org","@graph":[{"@type":"WebPage","@id":"https:\/\/gewerbeoberesfricktal.ch\/index.php\/kontakt\/anmeldung-outdoor-roemer-neujahrs-after-work-fondue-10-1-2020\/","url":"https:\/\/gewerbeoberesfricktal.ch\/index.php\/kontakt\/anmeldung-outdoor-roemer-neujahrs-after-work-fondue-10-1-2020\/","name":"Anmeldung Outdoor-R\u00f6mer-Neujahrs-After-Work-Fondue 10.1.2020 - Gewerbeverein Oberes Fricktal","isPartOf":{"@id":"https:\/\/gewerbeoberesfricktal.ch\/#website"},"datePublished":"2019-11-21T11:38:51+00:00","dateModified":"2019-11-21T11:38:52+00:00","description":"Outdoor-R\u00f6mer-Neujahrs-After-Work-Fondue 2020 f\u00fcr Mitglieder, Freund und Interessenten. Mit lokalen Produkten.","breadcrumb":{"@id":"https:\/\/gewerbeoberesfricktal.ch\/index.php\/kontakt\/anmeldung-outdoor-roemer-neujahrs-after-work-fondue-10-1-2020\/#breadcrumb"},"inLanguage":"de-CH","potentialAction":[{"@type":"ReadAction","target":["https:\/\/gewerbeoberesfricktal.ch\/index.php\/kontakt\/anmeldung-outdoor-roemer-neujahrs-after-work-fondue-10-1-2020\/"]}]},{"@type":"BreadcrumbList","@id":"https:\/\/gewerbeoberesfricktal.ch\/index.php\/kontakt\/anmeldung-outdoor-roemer-neujahrs-after-work-fondue-10-1-2020\/#breadcrumb","itemListElement":[{"@type":"ListItem","position":1,"name":"Startseite","item":"https:\/\/gewerbeoberesfricktal.ch\/"},{"@type":"ListItem","position":2,"name":"Kontakt","item":"https:\/\/gewerbeoberesfricktal.ch\/index.php\/kontakt\/"},{"@type":"ListItem","position":3,"name":"Anmeldung Outdoor-R\u00f6mer-Neujahrs-After-Work-Fondue 10.1.2020"}]},{"@type":"WebSite","@id":"https:\/\/gewerbeoberesfricktal.ch\/#website","url":"https:\/\/gewerbeoberesfricktal.ch\/","name":"Gewerbeverein Oberes Fricktal","description":"Ein starkes Gewerbe braucht die Region.","publisher":{"@id":"https:\/\/gewerbeoberesfricktal.ch\/#organization"},"potentialAction":[{"@type":"SearchAction","target":{"@type":"EntryPoint","urlTemplate":"https:\/\/gewerbeoberesfricktal.ch\/?s={search_term_string}"},"query-input":{"@type":"PropertyValueSpecification","valueRequired":true,"valueName":"search_term_string"}}],"inLanguage":"de-CH"},{"@type":"Organization","@id":"https:\/\/gewerbeoberesfricktal.ch\/#organization","name":"Gewerbeverein Oberes Fricktal","url":"https:\/\/gewerbeoberesfricktal.ch\/","logo":{"@type":"ImageObject","inLanguage":"de-CH","@id":"https:\/\/gewerbeoberesfricktal.ch\/#\/schema\/logo\/image\/","url":"https:\/\/gewerbeoberesfricktal.ch\/wp-content\/uploads\/2018\/04\/GOF_Wortmarke-DEF_positiv-gruen-anthrazit_ausschnitt.jpg","contentUrl":"https:\/\/gewerbeoberesfricktal.ch\/wp-content\/uploads\/2018\/04\/GOF_Wortmarke-DEF_positiv-gruen-anthrazit_ausschnitt.jpg","width":1214,"height":498,"caption":"Gewerbeverein Oberes Fricktal"},"image":{"@id":"https:\/\/gewerbeoberesfricktal.ch\/#\/schema\/logo\/image\/"},"sameAs":["https:\/\/facebook.com\/gewerbe-oberes-fricktal"]}]}},"_links":{"self":[{"href":"https:\/\/gewerbeoberesfricktal.ch\/index.php\/wp-json\/wp\/v2\/pages\/799","targetHints":{"allow":["GET"]}}],"collection":[{"href":"https:\/\/gewerbeoberesfricktal.ch\/index.php\/wp-json\/wp\/v2\/pages"}],"about":[{"href":"https:\/\/gewerbeoberesfricktal.ch\/index.php\/wp-json\/wp\/v2\/types\/page"}],"author":[{"embeddable":true,"href":"https:\/\/gewerbeoberesfricktal.ch\/index.php\/wp-json\/wp\/v2\/users\/5"}],"replies":[{"embeddable":true,"href":"https:\/\/gewerbeoberesfricktal.ch\/index.php\/wp-json\/wp\/v2\/comments?post=799"}],"version-history":[{"count":3,"href":"https:\/\/gewerbeoberesfricktal.ch\/index.php\/wp-json\/wp\/v2\/pages\/799\/revisions"}],"predecessor-version":[{"id":811,"href":"https:\/\/gewerbeoberesfricktal.ch\/index.php\/wp-json\/wp\/v2\/pages\/799\/revisions\/811"}],"up":[{"embeddable":true,"href":"https:\/\/gewerbeoberesfricktal.ch\/index.php\/wp-json\/wp\/v2\/pages\/301"}],"wp:attachment":[{"href":"https:\/\/gewerbeoberesfricktal.ch\/index.php\/wp-json\/wp\/v2\/media?parent=799"}],"curies":[{"name":"wp","href":"https:\/\/api.w.org\/{rel}","templated":true}]}}