{"id":816,"date":"2019-11-20T07:57:01","date_gmt":"2019-11-20T06:57:01","guid":{"rendered":"https:\/\/gewerbeoberesfricktal.ch\/?page_id=816"},"modified":"2025-05-17T15:10:19","modified_gmt":"2025-05-17T13:10:19","slug":"umfragen-ergebnisse","status":"publish","type":"page","link":"https:\/\/gewerbeoberesfricktal.ch\/index.php\/info\/umfragen-ergebnisse\/","title":{"rendered":"Umfragen Ergebnisse"},"content":{"rendered":"\n<p>Fragestellung und Ergebnisse: Ihre Meinung als Gwerbler,  Selbst\u00e4ndiger, Microunternehmen, KMU, Freelancer etc. ist gefragt. Hier sind die Ergebnisse. <\/p>\n\n\n\n<p><strong>Umfrage Nr. 2 von 2024\/5<\/strong><\/p>\n\n\n\n<p><strong>Welche dieser Fragen k\u00f6nnen Sie mit JA beantworten? (K\u00e4stchen anklicken)<\/strong><\/p>\n\n\n\n<ul class=\"wp-block-list\">\n<li>Leben Sie jetzt in der Schweiz? (6%, 15 Votes)<\/li>\n\n\n\n<li>Wird sich der Anteil der Kleinst- und Mikrounternehmen zuk\u00fcnftig vergr\u00f6ssern? (5%, 14 Votes)<\/li>\n\n\n\n<li>Braucht es mehr Fachleute in F\u00fchrungspositionen? (5%, 14 Votes)<\/li>\n\n\n\n<li>M\u00f6chten Sie gesund und gl\u00fccklich leben? (5%, 14 Votes)<\/li>\n\n\n\n<li>M\u00f6chten Sie respektvoller und wertsch\u00e4tzender behandelt werden? (5%, 14 Votes)<\/li>\n\n\n\n<li>Braucht &#171;die Welt&#187; mehr Kommunikation, Koordination und Kooperation? (5%, 13 Votes)<\/li>\n\n\n\n<li>W\u00fcrden Sie sich in einem Fachkr\u00e4fte- und Kompetenzenpool vermitteln und coachen lassen? (5%, 13 Votes)<\/li>\n\n\n\n<li>Sind Sie vor 1980 geboren? (5%, 12 Votes)<\/li>\n\n\n\n<li>Sollte das selbstorganisierte Lernen gef\u00f6rdert werden? (5%, 12 Votes)<\/li>\n\n\n\n<li>Braucht es neue Aus- und Weiterbildungsstrukturen, -angebote und -formen? (4%, 11 Votes)<\/li>\n\n\n\n<li>Sind Sie Unternehmer, Inhaber? (4%, 11 Votes)<\/li>\n\n\n\n<li>Werden die Menschen immer mehr verschiedene Erwerbst\u00e4tigkeiten ausf\u00fchren? (4%, 11 Votes)<\/li>\n\n\n\n<li>Braucht es neue Arbeitsformen? (4%, 11 Votes)<\/li>\n\n\n\n<li>Sind Sie Selbst\u00e4ndigerwerbender, Freelancer? (4%, 10 Votes)<\/li>\n\n\n\n<li>W\u00fcrden Sie Ihre jetzige Arbeit auch tun, wenn Sie gen\u00fcgend Geld zum Leben h\u00e4tten? (4%, 10 Votes)<\/li>\n\n\n\n<li>Sehen Sie regionale Tauschringe und Regionalw\u00e4hrungen als w\u00fcnschenswert an? (4%, 10 Votes)<\/li>\n\n\n\n<li>Braucht es neue Entl\u00f6hnungsformen? (4%, 10 Votes)<\/li>\n\n\n\n<li>W\u00fcrden Sie sich auch an Hilfsaktionen im In- und Ausland beteiligen? (3%, 8 Votes)<\/li>\n\n\n\n<li>Haben Sie ein Gesch\u00e4ftsmodell im Auge, das Sie gerne selbst verwirklichen m\u00f6chten? (3%, 7 Votes)<\/li>\n\n\n\n<li>Planen Sie gr\u00f6ssere Ver\u00e4nderungen in Ihrem Leben? (2%, 6 Votes)<\/li>\n\n\n\n<li>M\u00f6chten Sie Influencer werden? (2%, 6 Votes)<\/li>\n\n\n\n<li>Sind Sie Teilselbst\u00e4ndiger? (2%, 6 Votes)<\/li>\n\n\n\n<li>Sprechen Sie mehr als 2 Sprachen? (2%, 5 Votes)<\/li>\n\n\n\n<li>Werden Sie mehrheitlich respektvoll und wertsch\u00e4tzend behandelt? (2%, 4 Votes)<\/li>\n\n\n\n<li>M\u00f6chten Sie Ihr eigener Chef sein \/ werden? (2%, 4 Votes)<\/li>\n\n\n\n<li>M\u00f6chten Sie an einem anderen Ort leben? (1%, 2 Votes)<\/li>\n\n\n\n<li>Sind Sie Staatsangestellter? (1%, 2 Votes)<\/li>\n\n\n\n<li>Sind Sie in einem Anstellungsverh\u00e4ltnis? (1%, 2 Votes)<\/li>\n<\/ul>\n\n\n\n<p>Total Teilnehmende: 18<\/p>\n\n\n\n<p>>>> <a href=\"https:\/\/gewerbeoberesfricktal.ch\/wp-content\/uploads\/2025\/05\/Umfrage-GOF-Resultate-Rohdaten_logo_13-05-25.pdf\" target=\"_blank\" rel=\"noreferrer noopener\">Hier die ganze Umfrage als pdf Dokument ansehen \/ downloaden<\/a><\/p>\n\n\n\n<p><\/p>\n\n\n\n<p><strong>Umfrage Nr. 2 von  2019<\/strong><\/p>\n\n\n\n<p><strong>Welche dieser Fragen k\u00f6nnen Sie mit JA beantworten? (K\u00e4stchen anklicken)<\/strong><\/p>\n\n\n\n<ul class=\"wp-block-list\">\n<li><strong><em>Sind Sie aus der Region Oberes Fricktal und Umgebung? (26%, 14 Votes)<\/em><\/strong><\/li>\n\n\n\n<li><strong><em>W\u00fcrden Sie mehr Informationen zu geplanten Projekten, Auftr\u00e4gen und Gesch\u00e4ftsm\u00f6glichkeiten begr\u00fcssen? (24%, 13 Votes)<\/em><\/strong><\/li>\n\n\n\n<li><strong><em>W\u00fcrden Sie in einem Konsortium mitmachen? (19%, 10 Votes)<\/em><\/strong><\/li>\n\n\n\n<li><strong><em>W\u00e4ren Sie bereit, weitere Angaben zu machen und \/ oder in einer Arbeit- oder Themengruppe mitzumachen? (15%, 8 Votes)<\/em><\/strong><\/li>\n\n\n\n<li><em><strong>Sind Sie der Meinung, dass Gemeinden, Verwaltungen das lokale Gewerbe gen\u00fcgend einbeziehen und ber\u00fccksichtigen? (6%, 3 Votes)<\/strong><\/em><\/li>\n\n\n\n<li><em><strong>Finden Sie, dass die Unterst\u00fctzung \/ Information \/ Kommunikation f\u00fcrs Gewerbe durch Verwaltungen und Beh\u00f6rden gen\u00fcgend ist? (6%, 3 Votes)<\/strong><\/em><\/li>\n\n\n\n<li><em><strong>Sind Sie gesch\u00e4ftlich \/ unternehmerisch an Ihren jetzigen Standort gebunden? (6%, 3 Votes)<\/strong><\/em><\/li>\n<\/ul>\n\n\n\n<p>Total Teilnehmende: 16<\/p>\n\n\n\n<p><\/p>\n\n\n\n<p><strong>Umfrage Nr. 1 von 2018<\/strong><\/p>\n\n\n\n<p><strong>Wie gef\u00e4llt Ihnen unsere Homepage?<\/strong><\/p>\n\n\n\n<ul class=\"wp-block-list\">\n<li><strong>Gut (47%, 7 Votes) <\/strong><\/li>\n\n\n\n<li><strong>Sehr gut (47%, 7 Votes) <\/strong><\/li>\n\n\n\n<li><strong>K\u00f6nnte besser sein (7%, 1 Votes) <\/strong><\/li>\n\n\n\n<li><strong>schlecht (0%, 0 Votes) <\/strong><\/li>\n\n\n\n<li><strong>Kein Kommentar (0%, 0 Votes) <\/strong><\/li>\n<\/ul>\n\n\n\n<p>Total Teilnehmende: 15<\/p>\n\n\n\n<p><\/p>\n\n\n\n<p><strong><em>Herzlichen Dank an die Teilnehmenden!<\/em><\/strong><\/p>\n\n\n\n<p>Verwendung der Ergebnisse ist mit Quellenangabe &#171;Gewerbeverein Oberes Fricktal, www.gewerbeoberesfricktal.ch) erlaubt. Besten Dank f\u00fcr einen Feedback an uns.<\/p>\n","protected":false},"excerpt":{"rendered":"<p>Fragestellung und Ergebnisse: Ihre Meinung als Gwerbler, Selbst\u00e4ndiger, Microunternehmen, KMU, Freelancer etc. ist gefragt. Hier sind die Ergebnisse. Umfrage Nr. 2 von 2024\/5 Welche dieser Fragen k\u00f6nnen Sie mit JA beantworten? (K\u00e4stchen anklicken) Total Teilnehmende: 18 >>> Hier die ganze&hellip; <\/p>\n","protected":false},"author":5,"featured_media":0,"parent":303,"menu_order":2,"comment_status":"closed","ping_status":"closed","template":"","meta":{"ngg_post_thumbnail":0,"footnotes":""},"class_list":["post-816","page","type-page","status-publish","hentry"],"yoast_head":"<!-- This site is optimized with the Yoast SEO plugin v27.6 - https:\/\/yoast.com\/product\/yoast-seo-wordpress\/ -->\n<title>Umfragen Ergebnisse - Gewerbeverein Oberes Fricktal<\/title>\n<meta name=\"description\" content=\"Umfragen bei den Mitgliedern des Gewerbevereines Oberes Fricktal (GOF) geben Impulse und Hinweise.\" \/>\n<meta name=\"robots\" content=\"index, follow, max-snippet:-1, max-image-preview:large, max-video-preview:-1\" \/>\n<link rel=\"canonical\" href=\"https:\/\/gewerbeoberesfricktal.ch\/index.php\/info\/umfragen-ergebnisse\/\" \/>\n<meta property=\"og:locale\" content=\"de_DE\" \/>\n<meta property=\"og:type\" content=\"article\" \/>\n<meta property=\"og:title\" content=\"Umfragen Ergebnisse - Gewerbeverein Oberes Fricktal\" \/>\n<meta property=\"og:description\" content=\"Umfragen bei den Mitgliedern des Gewerbevereines Oberes Fricktal (GOF) geben Impulse und Hinweise.\" \/>\n<meta property=\"og:url\" content=\"https:\/\/gewerbeoberesfricktal.ch\/index.php\/info\/umfragen-ergebnisse\/\" \/>\n<meta property=\"og:site_name\" content=\"Gewerbeverein Oberes Fricktal\" \/>\n<meta property=\"article:publisher\" content=\"https:\/\/facebook.com\/gewerbe-oberes-fricktal\" \/>\n<meta property=\"article:modified_time\" content=\"2025-05-17T13:10:19+00:00\" \/>\n<meta name=\"twitter:card\" content=\"summary_large_image\" \/>\n<meta name=\"twitter:label1\" content=\"Gesch\u00e4tzte Lesezeit\" \/>\n\t<meta name=\"twitter:data1\" content=\"3\u00a0Minuten\" \/>\n<script type=\"application\/ld+json\" class=\"yoast-schema-graph\">{\"@context\":\"https:\\\/\\\/schema.org\",\"@graph\":[{\"@type\":\"WebPage\",\"@id\":\"https:\\\/\\\/gewerbeoberesfricktal.ch\\\/index.php\\\/info\\\/umfragen-ergebnisse\\\/\",\"url\":\"https:\\\/\\\/gewerbeoberesfricktal.ch\\\/index.php\\\/info\\\/umfragen-ergebnisse\\\/\",\"name\":\"Umfragen Ergebnisse - Gewerbeverein Oberes Fricktal\",\"isPartOf\":{\"@id\":\"https:\\\/\\\/gewerbeoberesfricktal.ch\\\/#website\"},\"datePublished\":\"2019-11-20T06:57:01+00:00\",\"dateModified\":\"2025-05-17T13:10:19+00:00\",\"description\":\"Umfragen bei den Mitgliedern des Gewerbevereines Oberes Fricktal (GOF) geben Impulse und Hinweise.\",\"breadcrumb\":{\"@id\":\"https:\\\/\\\/gewerbeoberesfricktal.ch\\\/index.php\\\/info\\\/umfragen-ergebnisse\\\/#breadcrumb\"},\"inLanguage\":\"de-CH\",\"potentialAction\":[{\"@type\":\"ReadAction\",\"target\":[\"https:\\\/\\\/gewerbeoberesfricktal.ch\\\/index.php\\\/info\\\/umfragen-ergebnisse\\\/\"]}]},{\"@type\":\"BreadcrumbList\",\"@id\":\"https:\\\/\\\/gewerbeoberesfricktal.ch\\\/index.php\\\/info\\\/umfragen-ergebnisse\\\/#breadcrumb\",\"itemListElement\":[{\"@type\":\"ListItem\",\"position\":1,\"name\":\"Startseite\",\"item\":\"https:\\\/\\\/gewerbeoberesfricktal.ch\\\/\"},{\"@type\":\"ListItem\",\"position\":2,\"name\":\"Info\",\"item\":\"https:\\\/\\\/gewerbeoberesfricktal.ch\\\/index.php\\\/info\\\/\"},{\"@type\":\"ListItem\",\"position\":3,\"name\":\"Umfragen Ergebnisse\"}]},{\"@type\":\"WebSite\",\"@id\":\"https:\\\/\\\/gewerbeoberesfricktal.ch\\\/#website\",\"url\":\"https:\\\/\\\/gewerbeoberesfricktal.ch\\\/\",\"name\":\"Gewerbeverein Oberes Fricktal\",\"description\":\"Ein starkes Gewerbe braucht die Region.\",\"publisher\":{\"@id\":\"https:\\\/\\\/gewerbeoberesfricktal.ch\\\/#organization\"},\"potentialAction\":[{\"@type\":\"SearchAction\",\"target\":{\"@type\":\"EntryPoint\",\"urlTemplate\":\"https:\\\/\\\/gewerbeoberesfricktal.ch\\\/?s={search_term_string}\"},\"query-input\":{\"@type\":\"PropertyValueSpecification\",\"valueRequired\":true,\"valueName\":\"search_term_string\"}}],\"inLanguage\":\"de-CH\"},{\"@type\":\"Organization\",\"@id\":\"https:\\\/\\\/gewerbeoberesfricktal.ch\\\/#organization\",\"name\":\"Gewerbeverein Oberes Fricktal\",\"url\":\"https:\\\/\\\/gewerbeoberesfricktal.ch\\\/\",\"logo\":{\"@type\":\"ImageObject\",\"inLanguage\":\"de-CH\",\"@id\":\"https:\\\/\\\/gewerbeoberesfricktal.ch\\\/#\\\/schema\\\/logo\\\/image\\\/\",\"url\":\"https:\\\/\\\/gewerbeoberesfricktal.ch\\\/wp-content\\\/uploads\\\/2018\\\/04\\\/GOF_Wortmarke-DEF_positiv-gruen-anthrazit_ausschnitt.jpg\",\"contentUrl\":\"https:\\\/\\\/gewerbeoberesfricktal.ch\\\/wp-content\\\/uploads\\\/2018\\\/04\\\/GOF_Wortmarke-DEF_positiv-gruen-anthrazit_ausschnitt.jpg\",\"width\":1214,\"height\":498,\"caption\":\"Gewerbeverein Oberes Fricktal\"},\"image\":{\"@id\":\"https:\\\/\\\/gewerbeoberesfricktal.ch\\\/#\\\/schema\\\/logo\\\/image\\\/\"},\"sameAs\":[\"https:\\\/\\\/facebook.com\\\/gewerbe-oberes-fricktal\"]}]}<\/script>\n<!-- \/ Yoast SEO plugin. -->","yoast_head_json":{"title":"Umfragen Ergebnisse - Gewerbeverein Oberes Fricktal","description":"Umfragen bei den Mitgliedern des Gewerbevereines Oberes Fricktal (GOF) geben Impulse und Hinweise.","robots":{"index":"index","follow":"follow","max-snippet":"max-snippet:-1","max-image-preview":"max-image-preview:large","max-video-preview":"max-video-preview:-1"},"canonical":"https:\/\/gewerbeoberesfricktal.ch\/index.php\/info\/umfragen-ergebnisse\/","og_locale":"de_DE","og_type":"article","og_title":"Umfragen Ergebnisse - Gewerbeverein Oberes Fricktal","og_description":"Umfragen bei den Mitgliedern des Gewerbevereines Oberes Fricktal (GOF) geben Impulse und Hinweise.","og_url":"https:\/\/gewerbeoberesfricktal.ch\/index.php\/info\/umfragen-ergebnisse\/","og_site_name":"Gewerbeverein Oberes Fricktal","article_publisher":"https:\/\/facebook.com\/gewerbe-oberes-fricktal","article_modified_time":"2025-05-17T13:10:19+00:00","twitter_card":"summary_large_image","twitter_misc":{"Gesch\u00e4tzte Lesezeit":"3\u00a0Minuten"},"schema":{"@context":"https:\/\/schema.org","@graph":[{"@type":"WebPage","@id":"https:\/\/gewerbeoberesfricktal.ch\/index.php\/info\/umfragen-ergebnisse\/","url":"https:\/\/gewerbeoberesfricktal.ch\/index.php\/info\/umfragen-ergebnisse\/","name":"Umfragen Ergebnisse - Gewerbeverein Oberes Fricktal","isPartOf":{"@id":"https:\/\/gewerbeoberesfricktal.ch\/#website"},"datePublished":"2019-11-20T06:57:01+00:00","dateModified":"2025-05-17T13:10:19+00:00","description":"Umfragen bei den Mitgliedern des Gewerbevereines Oberes Fricktal (GOF) geben Impulse und Hinweise.","breadcrumb":{"@id":"https:\/\/gewerbeoberesfricktal.ch\/index.php\/info\/umfragen-ergebnisse\/#breadcrumb"},"inLanguage":"de-CH","potentialAction":[{"@type":"ReadAction","target":["https:\/\/gewerbeoberesfricktal.ch\/index.php\/info\/umfragen-ergebnisse\/"]}]},{"@type":"BreadcrumbList","@id":"https:\/\/gewerbeoberesfricktal.ch\/index.php\/info\/umfragen-ergebnisse\/#breadcrumb","itemListElement":[{"@type":"ListItem","position":1,"name":"Startseite","item":"https:\/\/gewerbeoberesfricktal.ch\/"},{"@type":"ListItem","position":2,"name":"Info","item":"https:\/\/gewerbeoberesfricktal.ch\/index.php\/info\/"},{"@type":"ListItem","position":3,"name":"Umfragen Ergebnisse"}]},{"@type":"WebSite","@id":"https:\/\/gewerbeoberesfricktal.ch\/#website","url":"https:\/\/gewerbeoberesfricktal.ch\/","name":"Gewerbeverein Oberes Fricktal","description":"Ein starkes Gewerbe braucht die Region.","publisher":{"@id":"https:\/\/gewerbeoberesfricktal.ch\/#organization"},"potentialAction":[{"@type":"SearchAction","target":{"@type":"EntryPoint","urlTemplate":"https:\/\/gewerbeoberesfricktal.ch\/?s={search_term_string}"},"query-input":{"@type":"PropertyValueSpecification","valueRequired":true,"valueName":"search_term_string"}}],"inLanguage":"de-CH"},{"@type":"Organization","@id":"https:\/\/gewerbeoberesfricktal.ch\/#organization","name":"Gewerbeverein Oberes Fricktal","url":"https:\/\/gewerbeoberesfricktal.ch\/","logo":{"@type":"ImageObject","inLanguage":"de-CH","@id":"https:\/\/gewerbeoberesfricktal.ch\/#\/schema\/logo\/image\/","url":"https:\/\/gewerbeoberesfricktal.ch\/wp-content\/uploads\/2018\/04\/GOF_Wortmarke-DEF_positiv-gruen-anthrazit_ausschnitt.jpg","contentUrl":"https:\/\/gewerbeoberesfricktal.ch\/wp-content\/uploads\/2018\/04\/GOF_Wortmarke-DEF_positiv-gruen-anthrazit_ausschnitt.jpg","width":1214,"height":498,"caption":"Gewerbeverein Oberes Fricktal"},"image":{"@id":"https:\/\/gewerbeoberesfricktal.ch\/#\/schema\/logo\/image\/"},"sameAs":["https:\/\/facebook.com\/gewerbe-oberes-fricktal"]}]}},"_links":{"self":[{"href":"https:\/\/gewerbeoberesfricktal.ch\/index.php\/wp-json\/wp\/v2\/pages\/816","targetHints":{"allow":["GET"]}}],"collection":[{"href":"https:\/\/gewerbeoberesfricktal.ch\/index.php\/wp-json\/wp\/v2\/pages"}],"about":[{"href":"https:\/\/gewerbeoberesfricktal.ch\/index.php\/wp-json\/wp\/v2\/types\/page"}],"author":[{"embeddable":true,"href":"https:\/\/gewerbeoberesfricktal.ch\/index.php\/wp-json\/wp\/v2\/users\/5"}],"replies":[{"embeddable":true,"href":"https:\/\/gewerbeoberesfricktal.ch\/index.php\/wp-json\/wp\/v2\/comments?post=816"}],"version-history":[{"count":5,"href":"https:\/\/gewerbeoberesfricktal.ch\/index.php\/wp-json\/wp\/v2\/pages\/816\/revisions"}],"predecessor-version":[{"id":1942,"href":"https:\/\/gewerbeoberesfricktal.ch\/index.php\/wp-json\/wp\/v2\/pages\/816\/revisions\/1942"}],"up":[{"embeddable":true,"href":"https:\/\/gewerbeoberesfricktal.ch\/index.php\/wp-json\/wp\/v2\/pages\/303"}],"wp:attachment":[{"href":"https:\/\/gewerbeoberesfricktal.ch\/index.php\/wp-json\/wp\/v2\/media?parent=816"}],"curies":[{"name":"wp","href":"https:\/\/api.w.org\/{rel}","templated":true}]}}